{"id":5,"date":"2018-08-11T23:06:09","date_gmt":"2018-08-12T04:06:09","guid":{"rendered":"http:\/\/www.encuentrainmueble.com\/ci\/?page_id=5"},"modified":"2019-02-27T08:50:18","modified_gmt":"2019-02-27T14:50:18","slug":"inicio","status":"publish","type":"page","link":"https:\/\/encuentrainmueble.com\/ci\/","title":{"rendered":"Inicio"},"content":{"rendered":"<p>En <strong>ACIERTA<\/strong> nuestro objetivo es lograr que lleves a cabo tus objetivos, ya sea que est\u00e9s por comprar tu casa, o quieras rentar un buen lugar para iniciar tu proyecto.<\/p>\n<p>Esta es la p\u00e1gina inicial de nuestro <strong>cat\u00e1logo<\/strong> de inmuebles, por seguridad de nuestros clientes solo se puede acceder por invitaci\u00f3n.<\/p>\n<p>Si llegaste aqu\u00ed por casualidad te sugerimos utilizar el men\u00fa principal para conocer m\u00e1s de nosotros. Si crees que hay un error y deber\u00edas tener acceso, te pedimos utilizar la informaci\u00f3n disponible en la secci\u00f3n\u00a0<a href=\"https:\/\/encuentrainmueble.com\/ci\/contactanos\/\"><span style=\"color: #ff6600;\"><strong>Cont\u00e1ctanos<\/strong><\/span><\/a> para hacernos llegar tu petici\u00f3n o comentarios.<\/p>\n","protected":false},"excerpt":{"rendered":"<p>En ACIERTA nuestro objetivo es lograr que lleves a cabo tus objetivos, ya sea que est\u00e9s por comprar tu casa, o quieras rentar un buen lugar para iniciar tu proyecto. Esta es la p\u00e1gina inicial de nuestro cat\u00e1logo de inmuebles, por seguridad de nuestros clientes solo se puede acceder por invitaci\u00f3n. Si llegaste aqu\u00ed por &hellip; <\/p>\n<p class=\"link-more\"><a href=\"https:\/\/encuentrainmueble.com\/ci\/\" class=\"more-link\">Continuar leyendo<span class=\"screen-reader-text\"> &#8220;Inicio&#8221;<\/span><\/a><\/p>\n","protected":false},"author":1,"featured_media":0,"parent":0,"menu_order":0,"comment_status":"closed","ping_status":"closed","template":"","meta":[],"_links":{"self":[{"href":"https:\/\/encuentrainmueble.com\/ci\/wp-json\/wp\/v2\/pages\/5"}],"collection":[{"href":"https:\/\/encuentrainmueble.com\/ci\/wp-json\/wp\/v2\/pages"}],"about":[{"href":"https:\/\/encuentrainmueble.com\/ci\/wp-json\/wp\/v2\/types\/page"}],"author":[{"embeddable":true,"href":"https:\/\/encuentrainmueble.com\/ci\/wp-json\/wp\/v2\/users\/1"}],"replies":[{"embeddable":true,"href":"https:\/\/encuentrainmueble.com\/ci\/wp-json\/wp\/v2\/comments?post=5"}],"version-history":[{"count":4,"href":"https:\/\/encuentrainmueble.com\/ci\/wp-json\/wp\/v2\/pages\/5\/revisions"}],"predecessor-version":[{"id":50,"href":"https:\/\/encuentrainmueble.com\/ci\/wp-json\/wp\/v2\/pages\/5\/revisions\/50"}],"wp:attachment":[{"href":"https:\/\/encuentrainmueble.com\/ci\/wp-json\/wp\/v2\/media?parent=5"}],"curies":[{"name":"wp","href":"https:\/\/api.w.org\/{rel}","templated":true}]}}