{"id":37,"date":"2019-02-27T08:18:59","date_gmt":"2019-02-27T14:18:59","guid":{"rendered":"http:\/\/encuentrainmueble.com\/ci\/?page_id=37"},"modified":"2019-02-27T08:57:27","modified_gmt":"2019-02-27T14:57:27","slug":"aviso-de-privacidad","status":"publish","type":"page","link":"https:\/\/encuentrainmueble.com\/ci\/aviso-de-privacidad\/","title":{"rendered":"Aviso de Privacidad"},"content":{"rendered":"<p>En cumplimiento a la Ley Federal de Protecci\u00f3n de Datos Personales en Posesi\u00f3n de los Particulares y de su Reglamento (en adelante la Ley) y con el fin de asegurar la protecci\u00f3n y privacidad de los datos personales, as\u00ed como regular los derechos de acceso, rectificaci\u00f3n, cancelaci\u00f3n y oposici\u00f3n del tratamiento de los mismos, <strong>ACIERTA, tu elecci\u00f3n inmobiliaria<\/strong>\u00a0te comunica el presente Aviso.<\/p>\n<p><strong>Responsable<\/strong><br \/>\nACIERTA (en adelante el Responsable), es responsable de proteger la confidencialidad de los datos personales, datos personales sensibles y datos personales financieros o patrimoniales de sus clientes, proveedores de servicios, candidatos a empleados y empleados, as\u00ed como de garantizar su privacidad y su derecho a la autodeterminaci\u00f3n informativa.<\/p>\n<p>El ejercicio de los derechos de acceso, rectificaci\u00f3n, cancelaci\u00f3n, oposici\u00f3n, limitaci\u00f3n de uso o la revocaci\u00f3n del consentimiento, podr\u00e1 solicitarse por escrito en el correo electr\u00f3nico <strong>contacto@encuentrainmueble.com<\/strong><\/p>\n<p><strong>Pol\u00edtica de privacidad<\/strong><br \/>\nEste Aviso tiene como fin asegurar la privacidad de los datos proporcionados por nuestros clientes, proveedores de servicios, candidatos a empleados y empleados, con el fin de vincularse con los servicios inmobiliarios proporcionados por el Responsable. Al proporcionar sus datos personales, el titular est\u00e1 de acuerdo en su tratamiento; conforme este t\u00e9rmino se entiende en la fracci\u00f3n XVIII del art\u00edculo 3 de la Ley. En caso de no estar de acuerdo, el titular no deber\u00e1 proporcionar dato alguno.<\/p>\n<p><strong>Finalidades<\/strong><br \/>\nEl Responsable puede recabar datos personales, datos personales sensibles y datos personales financieros o patrimoniales, con algunas de las siguientes finalidades: Prestaci\u00f3n de servicios inmobiliarios; integraci\u00f3n del expediente inmobiliario; informaci\u00f3n de contacto para enviar comunicados; analizar solicitudes de servicios; decidir sobre descuentos o promociones; evaluar calidad en el servicio, realizar estad\u00edsticas sobre los servicios inmobiliarios y actividades relacionadas; cumplir con requerimientos de las autoridades gubernamentales y, en general, para fines de seguridad, mercadot\u00e9cnicos, publicitarios o de prospecci\u00f3n comercial.<\/p>\n<p><strong>Datos personales<\/strong><br \/>\nPueden ser objeto de tratamiento los siguientes datos personales, datos personales sensibles y datos personales financieros o patrimoniales, que se presentan en forma enunciativa, no limitativa:<\/p>\n<ol>\n<li>Datos de identificaci\u00f3n: Nombre completo, edad, fecha y lugar de nacimiento, g\u00e9nero, estado civil, domicilio, nacionalidad, correo electr\u00f3nico, tel\u00e9fonos de contacto, Clave \u00danica del Registro de Poblaci\u00f3n, N\u00famero de Seguridad Social, clave del Registro Federal de Contribuyentes, firma, religi\u00f3n, huella digital, ADN,\u00a0datos completos del domicilio del trabajo, empleo o negocio,\u00a0ocupaci\u00f3n, puesto que desempe\u00f1a, grado de estudios y domicilio fiscal para la facturaci\u00f3n electr\u00f3nica.<\/li>\n<li>Datos de salud: Estado de salud, historial cl\u00ednico, enfermedades, restricciones alimenticias, alergias, grupo sangu\u00edneo, donador de \u00f3rganos, cuestiones de car\u00e1cter psicol\u00f3gico y psiqui\u00e1trico, datos de su doctor, tratamientos m\u00e9dicos o psicol\u00f3gicos que recibe, datos de contactos para caso de emergencia.<\/li>\n<li>Datos financieros o patrimoniales: Bienes muebles e inmuebles, ingresos y egresos personales, ingresos y egresos, cuentas bancarias, referencias personales, informaci\u00f3n fiscal. Reporte de buro de cr\u00e9dito, declaraciones de impuestos, recibos de n\u00f3mina y en general datos sobre la situaci\u00f3n econ\u00f3mica de la familia.<\/li>\n<li>Datos sensibles: Aficiones, deportes, creencias religiosas, afiliaci\u00f3n pol\u00edtica, afiliaci\u00f3n sindical, asociaciones religiosas o pol\u00edticas a las que ha pertenecido, actividades extracurriculares. Datos sobre el comportamiento del cliente, proveedor, candidato a empleado o empleado, en lo social, familiar, emotivo, salud, deportivo, etc. Datos solicitados en entrevistas de admisi\u00f3n y\/o de seguimiento que permitan evaluar al cliente, proveedor, candidato a empleado o empleado y su familia o entorno familiar.<\/li>\n<li>Caracter\u00edsticas f\u00edsicas: Foto, color de piel, de iris y de pelo, huella digital, tatuajes, cicatrices o se\u00f1as particulares.<\/li>\n<\/ol>\n<p>En caso de no contar con algunos de los datos citados, podr\u00eda existir la posibilidad de que el Responsable no pueda proporcionar los servicios propios de la relaci\u00f3n jur\u00eddica que se establezca con el Titular.<\/p>\n<p>Asimismo, se informa que para cumplir con las finalidades previstas en el presente Aviso, ser\u00e1n recabados y tratados datos personales sensibles descritos en los incisos anteriores. Es por esto que el Responsable se compromete a que los mismos sean tratados bajo estrictas medidas de seguridad, garantizando su confidencialidad.<\/p>\n<p><strong>Principios<\/strong><br \/>\nEl Responsable observa los principios de confidencialidad, licitud, consentimiento, informaci\u00f3n, calidad, finalidad, lealtad, proporcionalidad y responsabilidad en la protecci\u00f3n de datos personales.<\/p>\n<p><strong>Transferencia de datos<\/strong><br \/>\nEl Responsable podr\u00e1 realizar las transferencias nacionales o internacionales de datos sin el consentimiento del titular en los casos previstos en la Ley y en su Reglamento.<\/p>\n<p>Tambi\u00e9n podr\u00e1 realizar transferencias de datos a entidades proveedoras de servicios para el cumplimiento de las obligaciones contractuales acordadas. El titular autoriza al responsable a poder emitir informaci\u00f3n y documentaci\u00f3n, oficial y no oficial, relativa a los datos personales, datos personales sensibles y datos personales financieros o patrimoniales a los representantes legales y familiares o parientes del titular.<\/p>\n<p>Los terceros y las entidades receptores de datos personales, asumir\u00e1n las mismas obligaciones y\/o responsabilidades que el Responsable ha asumido con el titular en el presente Aviso.<\/p>\n<p>El titular de datos personales que establece una relaci\u00f3n jur\u00eddica con el Responsable acepta que sus datos personales podr\u00edan ser transferidos en los t\u00e9rminos descritos en la Ley, su Reglamento y el presente Aviso de Privacidad.<\/p>\n<p><strong>Opciones y medios para limitar el uso o divulgaci\u00f3n de los datos personales<\/strong><br \/>\nEl tratamiento de sus datos personales ser\u00e1 el que resulte necesario, adecuado y relevante en relaci\u00f3n con las finalidades previstas en este Aviso de Privacidad.<\/p>\n<p>El Responsable cuenta con las medidas de seguridad, administrativas, t\u00e9cnicas y f\u00edsicas necesarias y suficientes para proteger sus datos personales contra da\u00f1o, p\u00e9rdida, alteraci\u00f3n, destrucci\u00f3n, uso, acceso o tratamiento no autorizado. Los datos personales son salvaguardados en bases de datos y equipos de c\u00f3mputo que cuentan con la seguridad necesaria para prevenir fugas de informaci\u00f3n. Controles de acceso f\u00edsico y l\u00f3gico, controles ambientales, sistemas de protecci\u00f3n anti intrusos (IPS, Firewal), herramientas de protecci\u00f3n antivirus y filtrado web son algunas de las herramientas utilizadas para mantener la seguridad de los datos en los sistemas del Responsable. Si el titular desea solicitar la limitaci\u00f3n del uso o divulgaci\u00f3n de sus datos personales puede hacerlo en el correo electr\u00f3nico <strong>contacto@encuentrainmueble.com<\/strong><\/p>\n<p><strong>Derechos de los Titulares de Datos Personales<\/strong><br \/>\nCualquier titular o, en su caso, su representante legal podr\u00e1 ejercer los derechos de acceso, rectificaci\u00f3n, cancelaci\u00f3n y oposici\u00f3n sobre sus datos personales, y el Responsable proveer\u00e1 los medios que le permitan un oportuno ejercicio de sus derechos.<\/p>\n<p>El ejercicio de los derechos de acceso, rectificaci\u00f3n, cancelaci\u00f3n, oposici\u00f3n, limitaci\u00f3n de uso o la revocaci\u00f3n del consentimiento, deber\u00e1n solicitarse por escrito \u00fanicamente ante el Comit\u00e9 de Privacidad en el correo electr\u00f3nico.<\/p>\n<p><strong>Procedimiento para el ejercicio de los derechos<\/strong><br \/>\nLa solicitud, por escrito v\u00eda correo electr\u00f3nico, de acceso, rectificaci\u00f3n, cancelaci\u00f3n, oposici\u00f3n, limitaci\u00f3n de uso o la revocaci\u00f3n del consentimiento, deber\u00e1 contener y acompa\u00f1ar lo siguiente:<\/p>\n<ol>\n<li>El nombre del titular y domicilio, correo electr\u00f3nico u otro medio para comunicarle la respuesta a su solicitud.<\/li>\n<li>Los documentos que acrediten su identidad o, en su caso, la representaci\u00f3n legal del titular.<\/li>\n<li>La descripci\u00f3n clara y precisa de los datos personales respecto de los que se busca ejercer alguno de los derechos antes mencionados.<\/li>\n<li>Para el caso de las solicitudes de rectificaci\u00f3n, el titular deber\u00e1 indicar las modificaciones a realizarse y aportar la documentaci\u00f3n que sustente su petici\u00f3n.<\/li>\n<\/ol>\n<p>El Responsable comunicar\u00e1 al titular, en veinte d\u00edas h\u00e1biles contados desde la fecha en que se recibi\u00f3 la solicitud de acceso, rectificaci\u00f3n, cancelaci\u00f3n u oposici\u00f3n, la determinaci\u00f3n adoptada a efecto de que, si resulta procedente, se haga efectiva la misma dentro de los quince d\u00edas h\u00e1biles siguientes a la fecha en que se comunica la respuesta.<\/p>\n<p>Los plazos antes referidos, podr\u00e1n ser ampliados una sola vez por un periodo igual, siempre y cuando as\u00ed lo justifiquen las circunstancias del caso.<\/p>\n<p><strong>Acceso<\/strong><br \/>\nLa obligaci\u00f3n de acceso a la informaci\u00f3n se dar\u00e1 por cumplida cuando se pongan a disposici\u00f3n del titular los datos personales.<\/p>\n<p><strong>Revocaci\u00f3n<\/strong><br \/>\nEl titular de los datos personales podr\u00e1 revocar su consentimiento para el tratamiento de datos personales en cualquier momento, debiendo, \u00fanicamente para tales efectos, enviar una solicitud por escrito al Comit\u00e9 de Privacidad en el correo electr\u00f3nico <strong>contacto@encuentrainmueble.com<\/strong><\/p>\n<p>Dentro de los siguientes veinte d\u00edas h\u00e1biles contados desde la fecha en que se recibi\u00f3 la solicitud de revocaci\u00f3n el Responsable informar\u00e1 al titular sobre la procedencia o improcedencia de la misma y si resulta procedente la har\u00e1 efectiva dentro de los quince d\u00edas h\u00e1biles siguientes a la fecha en que se comunica la respuesta al correo electr\u00f3nico que el titular proporcione.<\/p>\n<p><strong>Cambios a este Aviso<\/strong><br \/>\nEl Responsable se reserva el derecho de efectuar en cualquier momento modificaciones o actualizaciones al presente aviso de privacidad, para la atenci\u00f3n de novedades legislativas o jurisprudenciales, pol\u00edticas internas, nuevos requerimientos para la prestaci\u00f3n u ofrecimiento de los servicios que ofrece el Responsable.<\/p>\n<p>Estas modificaciones estar\u00e1n disponibles a trav\u00e9s de la p\u00e1gina de Internet: <strong>encuentrainmueble.com<\/strong><\/p>\n<p><strong>Consentimiento general<\/strong><br \/>\nHabi\u00e9ndose puesto a disposici\u00f3n del Titular este Aviso de Privacidad y sus modificaciones, ya sea personalmente o a trav\u00e9s de la p\u00e1gina de internet o de otros medios, y no habiendo manifestado inmediatamente oposici\u00f3n alguna, se entender\u00e1 que el titular ha consentido t\u00e1citamente el tratamiento de sus datos.<\/p>\n<p>Si el titular proporcion\u00f3 sus datos verbalmente, por escrito, por medios electr\u00f3nicos, \u00f3pticos o por cualquier otra tecnolog\u00eda, o por signos inequ\u00edvocos, se entender\u00e1 que ha dado su consentimiento expreso del uso de dicha informaci\u00f3n.<\/p>\n<p>Acepto de conformidad el contenido del Aviso de Privacidad que me da ACIERTA, tu elecci\u00f3n inmobiliaria.<\/p>\n","protected":false},"excerpt":{"rendered":"<p>En cumplimiento a la Ley Federal de Protecci\u00f3n de Datos Personales en Posesi\u00f3n de los Particulares y de su Reglamento (en adelante la Ley) y con el fin de asegurar la protecci\u00f3n y privacidad de los datos personales, as\u00ed como regular los derechos de acceso, rectificaci\u00f3n, cancelaci\u00f3n y oposici\u00f3n del tratamiento de los mismos, ACIERTA, &hellip; <\/p>\n<p class=\"link-more\"><a href=\"https:\/\/encuentrainmueble.com\/ci\/aviso-de-privacidad\/\" class=\"more-link\">Continuar leyendo<span class=\"screen-reader-text\"> &#8220;Aviso de Privacidad&#8221;<\/span><\/a><\/p>\n","protected":false},"author":1,"featured_media":0,"parent":0,"menu_order":0,"comment_status":"closed","ping_status":"closed","template":"","meta":[],"_links":{"self":[{"href":"https:\/\/encuentrainmueble.com\/ci\/wp-json\/wp\/v2\/pages\/37"}],"collection":[{"href":"https:\/\/encuentrainmueble.com\/ci\/wp-json\/wp\/v2\/pages"}],"about":[{"href":"https:\/\/encuentrainmueble.com\/ci\/wp-json\/wp\/v2\/types\/page"}],"author":[{"embeddable":true,"href":"https:\/\/encuentrainmueble.com\/ci\/wp-json\/wp\/v2\/users\/1"}],"replies":[{"embeddable":true,"href":"https:\/\/encuentrainmueble.com\/ci\/wp-json\/wp\/v2\/comments?post=37"}],"version-history":[{"count":4,"href":"https:\/\/encuentrainmueble.com\/ci\/wp-json\/wp\/v2\/pages\/37\/revisions"}],"predecessor-version":[{"id":55,"href":"https:\/\/encuentrainmueble.com\/ci\/wp-json\/wp\/v2\/pages\/37\/revisions\/55"}],"wp:attachment":[{"href":"https:\/\/encuentrainmueble.com\/ci\/wp-json\/wp\/v2\/media?parent=37"}],"curies":[{"name":"wp","href":"https:\/\/api.w.org\/{rel}","templated":true}]}}